{"id":332,"date":"2024-09-26T11:30:39","date_gmt":"2024-09-26T11:30:39","guid":{"rendered":"http:\/\/medanthro-dgekw.de\/?page_id=332"},"modified":"2026-01-27T13:50:53","modified_gmt":"2026-01-27T13:50:53","slug":"journal-club-der-kommission-fuer-medizinanthropologie","status":"publish","type":"page","link":"http:\/\/medanthro-dgekw.de\/en\/journal-club-der-kommission-fuer-medizinanthropologie\/","title":{"rendered":"Journal-Club der Kommission f\u00fcr Medizinanthropologie"},"content":{"rendered":"\n<p><\/p>\n\n\n\n<p>Wir treffen uns alle zwei Monate per Zoom, um gemeinsam aktuelle Texte aus der Medizinanthropologie zu diskutieren. Dies k\u00f6nnen aktuelle internationale oder auch eigene Beitr\u00e4ge sein, die zur Diskussion gestellt werden m\u00f6chten. Bei Interesse melden Sie sich gerne bei uns unter:\u00a0<a href=\"mailto:heibges@tu-berlin.de\">heibges@tu-berlin.de<\/a><\/p>\n\n\n\n<p><strong>N\u00e4chster Termin<\/strong>:<\/p>\n\n\n\n<p><strong>Mo, 16. Februar 2026 12:00-13:00 Uhr<\/strong><br>Gast: Paula Seidensticker<br>Thema: Hamdy, Sherina\/Nye, Coleman (Autor:innen) &amp; Bao, Sarula\/Brewer, Caroline (Illustrator:innen): Lissa: A Story About Medical Promise, Friendship and Revolution. University of Toronto Press 2017.<a rel=\"noreferrer noopener\" href=\"https:\/\/lissagraphicnovel.com\/\" data-type=\"URL\" data-id=\"https:\/\/lissagraphicnovel.com\/\" target=\"_blank\"> Weitere Informationen<\/a><\/p>\n\n\n\n<p><br><a rel=\"noreferrer noopener\" href=\"http:\/\/medanthro-dgekw.de\/wp-content\/uploads\/2026\/01\/Lissa-Textzusammenfassung-fu\u0308r-Journal-Club-am-16.02.2026.pdf\" data-type=\"URL\" data-id=\"http:\/\/medanthro-dgekw.de\/wp-content\/uploads\/2026\/01\/Lissa-Textzusammenfassung-fu\u0308r-Journal-Club-am-16.02.2026.pdf\" target=\"_blank\"><strong>Vorbereitende Lekt\u00fcre<\/strong><\/a><\/p>\n\n\n\n<p><strong>Teilnehmen:<\/strong><br><strong><a href=\"https:\/\/teams.microsoft.com\/meet\/33359713728406?p=rR1BsK5zIAVhWINgPp\">https:\/\/teams.microsoft.com\/meet\/33359713728406?p=rR1BsK5zIAVhWINgPp<\/a><br>Besprechungs-ID: 333 597 137 284 06<br>Passcode: 69ib2TV6<\/strong><\/p>\n\n\n\n<p><\/p>\n\n\n\n<p><strong>Bisherige Journal-Clubs:<\/strong><\/p>\n\n\n\n<p><strong>4. November 2024<\/strong>: Lekt\u00fcre: Okamoto, Ikumi.&nbsp;2015. \u2018\u201cIt\u2019s Got to Be the Patient\u2019s Decision\u201d: Practicing Shared Decision-Making in the U.K. Renal Units\u2019.&nbsp;Anthropology in Action&nbsp;22 (1): 17\u201326.&nbsp;<a rel=\"noreferrer noopener\" href=\"https:\/\/doi.org\/10.3167\/aia.2015.220103\" target=\"_blank\">https:\/\/doi.org\/10.3167\/aia.2015.220103<\/a>.<\/p>\n\n\n\n<p><strong>9. September 2024: <\/strong>Das Thema der Autoethnografie: Burns, Victoria (2021): The Sober Professor: Reflections on the Sober Paradox, Sober Phobia, and Disclosing an Alcohol Recovery Identity in Academia. In: Contemporary Drug Problems, &nbsp;Vol. 48(3) 223-<em>240.&nbsp;<\/em><a href=\"https:\/\/doi.org\/10.1177\/00914509211031092\">https:\/\/doi.org\/10.1177\/00914509211031092<\/a>.<\/p>\n\n\n\n<p><strong>27. Mai 2024<\/strong>: Das Thema der Autoethnografie: Klingler, Corinna. 2024. \u2018Five Coffin Nails to Informed Consent: An Autoethnography of Suffering Complications in Breastfeeding\u2019. Qualitative Health Research 34 (4): 340\u201349. <a href=\"https:\/\/doi.org\/10.1177\/10497323231214505\">https:\/\/doi.org\/10.1177\/10497323231214505<\/a>.<\/p>\n\n\n\n<p><strong>8. April 2024:<\/strong> Medical Humanities in der Europ\u00e4ischen Ethnologie: Cleeve, Helena. 2023. \u2018Drawing in Ethnography: Seeing and Unseeing Everyday Life with Dementia in Sweden\u2019. Medical Anthropology 42 (8): 752\u201370. <a href=\"https:\/\/doi.org\/10.1080\/01459740.2023.2235068\" target=\"_blank\" rel=\"noreferrer noopener\">https:\/\/doi.org\/10.1080\/01459740.2023.2235068<\/a>.<\/p>\n\n\n\n<p><strong>19. Februar 2024:<\/strong> Multimodale Ethnografie als M\u00f6glichkeit der Demenzforschung: Kristofer Hansson and Rachel Irwin 2022: Special Issue: Intersections and Transformations in Medical Humanities: Defining and Conceptualising New Paths. <a href=\"https:\/\/ee.openlibhums.org\/issue\/308\/info\/\">Ethnologia Europaea 52(2):<\/a> 1\u201313.<\/p>\n\n\n\n<p><strong>03. M\u00e4rz 2025<\/strong>: Lekt\u00fcre: Howe, Sydney\/Gregoor, Anna S.\/Uyl-de Groot, Carin\/Wakkee, Marlies\/Nijsten, Tamar\/Wehrens,Rik: Embedding artificial intelligence in healthcare: An ethnographic exploration of an AI-based mHealth app through the lense of legitimacy.In: Digi Health (2024).\u00a0URL:\u00a0<a rel=\"noreferrer noopener\" href=\"https:\/\/pmc.ncbi.nlm.nih.gov\/articles\/PMC11544654\/\" target=\"_blank\">https:\/\/pmc.ncbi.nlm.nih.gov\/articles\/PMC11544654\/<\/a>.<\/p>\n","protected":false},"excerpt":{"rendered":"<p>Wir treffen uns alle zwei Monate per Zoom, um gemeinsam aktuelle Texte aus der Medizinanthropologie zu diskutieren. Dies k\u00f6nnen aktuelle internationale oder auch eigene Beitr\u00e4ge&hellip;<\/p>\n","protected":false},"author":1,"featured_media":0,"parent":0,"menu_order":0,"comment_status":"closed","ping_status":"closed","template":"","meta":[],"translation":{"provider":"WPGlobus","version":"3.0.1","language":"en","enabled_languages":["de","en"],"languages":{"de":{"title":true,"content":true,"excerpt":false},"en":{"title":false,"content":false,"excerpt":false}}},"_links":{"self":[{"href":"http:\/\/medanthro-dgekw.de\/en\/wp-json\/wp\/v2\/pages\/332"}],"collection":[{"href":"http:\/\/medanthro-dgekw.de\/en\/wp-json\/wp\/v2\/pages"}],"about":[{"href":"http:\/\/medanthro-dgekw.de\/en\/wp-json\/wp\/v2\/types\/page"}],"author":[{"embeddable":true,"href":"http:\/\/medanthro-dgekw.de\/en\/wp-json\/wp\/v2\/users\/1"}],"replies":[{"embeddable":true,"href":"http:\/\/medanthro-dgekw.de\/en\/wp-json\/wp\/v2\/comments?post=332"}],"version-history":[{"count":6,"href":"http:\/\/medanthro-dgekw.de\/en\/wp-json\/wp\/v2\/pages\/332\/revisions"}],"predecessor-version":[{"id":420,"href":"http:\/\/medanthro-dgekw.de\/en\/wp-json\/wp\/v2\/pages\/332\/revisions\/420"}],"wp:attachment":[{"href":"http:\/\/medanthro-dgekw.de\/en\/wp-json\/wp\/v2\/media?parent=332"}],"curies":[{"name":"wp","href":"https:\/\/api.w.org\/{rel}","templated":true}]}}