{"id":35,"date":"2022-07-31T13:46:04","date_gmt":"2022-07-31T13:46:04","guid":{"rendered":"http:\/\/medanthro-dgekw.de\/?page_id=35"},"modified":"2025-09-10T06:37:01","modified_gmt":"2025-09-10T06:37:01","slug":"aktuelles","status":"publish","type":"page","link":"http:\/\/medanthro-dgekw.de\/en\/aktuelles\/","title":{"rendered":""},"content":{"rendered":"\n<h2 class=\"has-text-align-center\">Adventstreffen der Kommission Medizinanthropologie der Deutschen Gesellschaft f\u00fcr Empirische Kulturwissenschaft (DGEKW)<\/h2>\n\n\n\n<h1 class=\"has-text-align-center\"><strong>Situierte Entscheidungen<\/strong> <strong>im Kontext von Krankheit und Gesundheit<\/strong><\/h1>\n\n\n\n<p class=\"has-text-align-center\"><strong>04. + 05. Dezember 2025, Technische Universit\u00e4t Berlin, Marchstra\u00dfe 23, Raum 3.048<\/strong><\/p>\n\n\n<div class=\"wp-block-image\">\n<figure class=\"aligncenter size-large is-resized\"><img loading=\"lazy\" src=\"https:\/\/medanthro-dgekw.de\/wp-content\/uploads\/2025\/09\/FINAL_Poster_Adventstreffen_DGEKW_Medizinanthropologie_Dezember_2025-2_-724x1024.png\" alt=\"\" class=\"wp-image-398\" width=\"607\" height=\"859\" srcset=\"http:\/\/medanthro-dgekw.de\/wp-content\/uploads\/2025\/09\/FINAL_Poster_Adventstreffen_DGEKW_Medizinanthropologie_Dezember_2025-2_-724x1024.png 724w, http:\/\/medanthro-dgekw.de\/wp-content\/uploads\/2025\/09\/FINAL_Poster_Adventstreffen_DGEKW_Medizinanthropologie_Dezember_2025-2_-212x300.png 212w, http:\/\/medanthro-dgekw.de\/wp-content\/uploads\/2025\/09\/FINAL_Poster_Adventstreffen_DGEKW_Medizinanthropologie_Dezember_2025-2_-768x1086.png 768w, http:\/\/medanthro-dgekw.de\/wp-content\/uploads\/2025\/09\/FINAL_Poster_Adventstreffen_DGEKW_Medizinanthropologie_Dezember_2025-2_-1086x1536.png 1086w, http:\/\/medanthro-dgekw.de\/wp-content\/uploads\/2025\/09\/FINAL_Poster_Adventstreffen_DGEKW_Medizinanthropologie_Dezember_2025-2_-1448x2048.png 1448w, http:\/\/medanthro-dgekw.de\/wp-content\/uploads\/2025\/09\/FINAL_Poster_Adventstreffen_DGEKW_Medizinanthropologie_Dezember_2025-2_.png 1587w\" sizes=\"(max-width: 607px) 100vw, 607px\" \/><\/figure><\/div>\n\n\n<h2 class=\"has-text-align-center\"><strong>+++ Programm +++<\/strong> (<a href=\"http:\/\/medanthro-dgekw.de\/wp-content\/uploads\/2025\/09\/Programmentwurf_Adventstreffen_DGEKW_Medizinanthropologie_Dezember-2025_FINAL-2.pdf\" data-type=\"URL\" data-id=\"http:\/\/medanthro-dgekw.de\/wp-content\/uploads\/2025\/09\/Programmentwurf_Adventstreffen_DGEKW_Medizinanthropologie_Dezember-2025_FINAL-2.pdf\" target=\"_blank\" rel=\"noreferrer noopener\">Download als pdf-Datei<\/a>)<\/h2>\n\n\n\n<h2><strong><u>Donnerstag, 4. Dezember 2025<\/u><\/strong><\/h2>\n\n\n\n<p><strong>10:30 Uhr<\/strong><br>Ankommen mit Kaffee &amp; Snacks<\/p>\n\n\n\n<p><strong>11:00\u201311:30 Uhr<\/strong><br><strong>Prof. Dr. Maren Heibges (Berlin) &amp; Prof. Dr. Sabine W\u00f6hlke (Hamburg)<br><\/strong><em>Begr\u00fc\u00dfung und thematische Einf\u00fchrung<\/em><\/p>\n\n\n\n<p><strong>11:30\u201313:00 Uhr<\/strong><br><strong>Panel I: Entscheidungstempo: Zeit-R\u00e4ume, Narrationen und Normierungen von Entscheidungen<\/strong><\/p>\n\n\n\n<p><strong>Dr. Alik Mazukatow (L\u00fcbeck)<\/strong><br><em>Timely Decisions. Temporal Contingencies in treating patients with DSD<\/em><\/p>\n\n\n\n<p><strong>Dr. Corinna Klingler (Berlin), Prof. Dr. Annekatrin Skeide (Berlin)<\/strong><br><em>Die Fiktion autonomer Entscheidungen zur S\u00e4uglingsern\u00e4hrung: Choice- und Care-Modelle als Orientierungspunkte f\u00fcr die Stillbegleitung<\/em><\/p>\n\n\n\n<p><strong>Alina R\u00f6rig, M.A. (Berlin)<\/strong><br><em>Entscheidungen im eigenen Tempo: Zeitlichkeit und narrative Aushandlungen im Kontext famili\u00e4rer Krebsrisiken<\/em><\/p>\n\n\n\n<p><strong>13:00\u201314:00 Uhr<\/strong><br>Mittagspause<\/p>\n\n\n\n<p><strong>14:00\u201315:30 Uhr<\/strong><br><strong>Panel II: Entscheidungs(un)freiheit: Autonomie, (Un-)Sicherheit und (Un-)Gewissheiten in vulnerablen Lebenslagen<\/strong><\/p>\n\n\n\n<p><strong>Dr. Jan Hinrichsen (G\u00f6ttingen)<\/strong><br><em>Immunit\u00e4t und Autonomie. Einwilligen in Vakzin-Trials unter Bedingungen der Unsicherheit und Ungewissheit<\/em><\/p>\n\n\n\n<p><strong>Josephine Stark (Berlin)<\/strong><br><em>Der Einfluss gelebter Erfahrungen auf die reproduktive Entscheidungsfindung von Menschen mit Mukoviszidose<\/em><\/p>\n\n\n\n<p><strong>Prof. Dr. Barbara Wittmann (Bamberg)<br><\/strong><em>No choice at all? (Fehlende) Handlungs- und Entscheidungsm\u00f6glichkeiten von ME\/CFS-Betroffenen<\/em><\/p>\n\n\n\n<p><strong>15:30 \u2013 16:00 Uhr<\/strong><br>Kaffeepause<\/p>\n\n\n\n<p><strong>16:00\u201317:30 Uhr<\/strong><br><strong>Panel III: Sprechen, Verstehen, Entscheiden? Situative Aushandlungen von Erfahrungs- und Expert:innenwissen in medizinischen Interaktionen<\/strong><\/p>\n\n\n\n<p><strong>Marion Einsiedler, M.A. (Kempten)<\/strong><br><em>Situiert-situative Strukturelemente sozialmedizinischer Besprechungen im Kontext medizinischer, psychosomatischer, station\u00e4rer Rehabilitation<\/em><\/p>\n\n\n\n<p><strong>Laura Podschus (Brandenburg), Simone Ahting, M. Sc. (Leipzig), Dr. Stefan Reinsch (Brandenburg), Anna-Lena Strehlow, M.A. (Bonn), PD Dr. habil. Julia Hentschel (Leipzig)<br><\/strong><em>Reproduktive Entscheidungsfindung im Kontext therapeutischer Innovation \u2013<br>im Spannungsfeld von genetischen Tests und Erfahrungswissen von Eltern, deren Kinder eine seltene genetische Erkrankung haben<\/em><strong><\/strong><\/p>\n\n\n\n<p><strong>Prof. Dr. Paula Muhr (Hamburg)<\/strong><br><em>Die Patientin als wissendes Subjekt: Situiertes Verstehen und Entscheiden im videobasierten Diagnosegespr\u00e4ch bei funktionellen Anf\u00e4llen<\/em><\/p>\n\n\n\n<p><strong>17:30\u201317:45 Uhr<\/strong><br>Pause<\/p>\n\n\n\n<p><strong>17:45\u201318:30 Uhr<br>Keynote<br>Prof. Dr. Markus Feufel (Berlin)<\/strong><br><em>Entscheidungsforschung: Warum, wieso, weshalb? Eine interdisziplin\u00e4re Befragung<\/em><\/p>\n\n\n\n<p><strong>19:00 Uhr<\/strong><br>Abendessen (Selbstzahler) im Caf\u00e9 Hardenberg in der Hardenbergstra\u00dfe 10, 10623 Berlin<\/p>\n\n\n\n<h2><strong><u>Freitag, 5. Dezember 2025<\/u><\/strong><\/h2>\n\n\n\n<p><strong>9:00 Uhr<\/strong><br>Raum\u00f6ffnung mit Kaffee &amp; Snacks<\/p>\n\n\n\n<p><strong>9:30\u201310:30 Uhr<br>Panel IV: Zwischen \u201aBastelei\u2018 und Beteiligung: Gesundheitstechnologien in Entscheidungsprozessen<\/strong><\/p>\n\n\n\n<p><strong>Dr. Christine Schmid (Berlin)<br><\/strong><em>Zwischen Kontrolle und Kreativit\u00e4t? Tinkering im digitalen Gesundheitswesen<\/em><strong><\/strong><\/p>\n\n\n\n<p><strong>Angela Osterhaider, M.A. (Berlin), Prof. Dr. Cordula Endter (Berlin),<br>Katharina Giordano, M. Sc. (G\u00f6ttingen), Prof. Dr. Juliane Leineweber (G\u00f6ttingen)<\/strong><br><em>Technologien aushandeln: Reflektionen und Implikationen der partizipativen Technikentwicklung im Bereich Pflege und Gesundheit<\/em><\/p>\n\n\n\n<p><strong>10:30\u201311:00 Uhr<\/strong><br>Kaffeepause<\/p>\n\n\n\n<p><strong>11:00\u201312:00 Uhr<br>Panel V: Entscheidungsprozesse im Spannungsfeld zwischen Individuum und institutionellen Strukturen<\/strong><\/p>\n\n\n\n<p><strong>Katharina Klein, M. Sc. (Berlin)<\/strong><br><em>Entscheidungsfindung von Ratsuchenden mit famili\u00e4rem Krebsrisiko f\u00fcr die Inanspruchnahme einer spezialisierten Beratung<\/em><\/p>\n\n\n\n<p><strong>Manuel Bolz, M.A. (Hamburg\/G\u00f6ttingen)<\/strong><br><em>K\u00f6rper-Konstruktionen, medizinische Wissensregime und Identit\u00e4tsfragen. Allt\u00e4gliche Aushandlungs- und Entscheidungsprozesse im Krankenhaus \u2013 Empirische Einblicke in das Verbundprojekt TRANS*KIDS<\/em><\/p>\n\n\n\n<p><strong>12:00\u201313:00 Uhr<\/strong><br>Mittagessen<\/p>\n\n\n\n<p><strong>13:00\u201314:00 Uhr<\/strong><br>Wrap-Up und Abschlussdiskussion<\/p>\n\n\n\n<p><strong>14:00\u201315:00 Uhr<\/strong><br>Kommissionssitzung Medizinanthropologie der DGEKW<\/p>\n\n\n\n<p><\/p>\n\n\n\n<h3><strong>Tagungssprache: Deutsch<\/strong><\/h3>\n\n\n\n<h3><strong>Keine Anmelde- oder Tagungsgeb\u00fchren<\/strong><\/h3>\n\n\n\n<h3><strong>Anmeldung bis zum 24. Oktober 2025 unter entscheidungen@protonmail.com<\/strong><\/h3>\n\n\n\n<div class=\"wp-container-1 wp-block-buttons\">\n<div class=\"wp-block-button\"><a class=\"wp-block-button__link\" href=\"http:\/\/medanthro-dgekw.de\/archiv-seite-tagungen\/\" target=\"_blank\" rel=\"noreferrer noopener\">ARCHIV<\/a><\/div>\n<\/div>\n","protected":false},"excerpt":{"rendered":"<p>Adventstreffen der Kommission Medizinanthropologie der Deutschen Gesellschaft f\u00fcr Empirische Kulturwissenschaft (DGEKW) Situierte Entscheidungen im Kontext von Krankheit und Gesundheit 04. + 05. Dezember 2025, Technische&hellip;<\/p>\n","protected":false},"author":1,"featured_media":0,"parent":0,"menu_order":0,"comment_status":"closed","ping_status":"closed","template":"","meta":[],"translation":{"provider":"WPGlobus","version":"3.0.1","language":"en","enabled_languages":["de","en"],"languages":{"de":{"title":false,"content":true,"excerpt":false},"en":{"title":false,"content":false,"excerpt":false}}},"_links":{"self":[{"href":"http:\/\/medanthro-dgekw.de\/en\/wp-json\/wp\/v2\/pages\/35"}],"collection":[{"href":"http:\/\/medanthro-dgekw.de\/en\/wp-json\/wp\/v2\/pages"}],"about":[{"href":"http:\/\/medanthro-dgekw.de\/en\/wp-json\/wp\/v2\/types\/page"}],"author":[{"embeddable":true,"href":"http:\/\/medanthro-dgekw.de\/en\/wp-json\/wp\/v2\/users\/1"}],"replies":[{"embeddable":true,"href":"http:\/\/medanthro-dgekw.de\/en\/wp-json\/wp\/v2\/comments?post=35"}],"version-history":[{"count":25,"href":"http:\/\/medanthro-dgekw.de\/en\/wp-json\/wp\/v2\/pages\/35\/revisions"}],"predecessor-version":[{"id":403,"href":"http:\/\/medanthro-dgekw.de\/en\/wp-json\/wp\/v2\/pages\/35\/revisions\/403"}],"wp:attachment":[{"href":"http:\/\/medanthro-dgekw.de\/en\/wp-json\/wp\/v2\/media?parent=35"}],"curies":[{"name":"wp","href":"https:\/\/api.w.org\/{rel}","templated":true}]}}